{"id":695,"date":"2020-11-17T20:28:58","date_gmt":"2020-11-17T20:28:58","guid":{"rendered":"https:\/\/villa-goga.hr\/miholascica\/"},"modified":"2021-01-07T19:08:05","modified_gmt":"2021-01-07T19:08:05","slug":"miholascica","status":"publish","type":"page","link":"https:\/\/villa-goga.hr\/de\/miholascica\/","title":{"rendered":"Mihola\u0161\u0107ica"},"content":{"rendered":"<p>[vc_row][vc_column][vc_column_text]Der Ort Miholascica stammt noch aus der Zeit der R\u00f6mer. Es liegt auf dem zug\u00e4nglichsten Teil der K\u00fcste von Cres, an der ger\u00e4umigen Bucht entlang, die sich zum S\u00fcdwesten \u00f6ffnet. Der sehr sch\u00f6n eingerichtete Ort Miholascica und der Nachbarort Martinscica mit vielen mediterranen Pflanzen sind auf Familien- und Campingtourismus orientiert. Heute ist Miholascica ein Touristenort mit Blick auf Zeca, in dem Sie den t\u00e4glichen Rummel vermeiden und einen ruhigen Urlaub genie\u00dfen k\u00f6nnen.[\/vc_column_text][\/vc_column][\/vc_row][vc_row][vc_column]<div class=\"gallery-sc \"><div class=\"items\"><div class=\"row centered\">\t\t<div class=\"col-lg-5ths col-md-5ths col-sm-5ths col-ms-4 col-xs-6\">\r\n\t\t<div class=\"item\">\r\n\t\t\t<a href=\"\/\/villa-goga.hr\/wp-content\/uploads\/2020\/11\/DS-scaled.jpg\" class=\"swipebox photo\">\r\n\t\t\t\t<img width=\"755\" height=\"500\" src=\"https:\/\/villa-goga.hr\/wp-content\/uploads\/2020\/11\/DS-755x500.jpg\" class=\"attachment-lamaro-gallery size-lamaro-gallery\" alt=\"\" loading=\"lazy\" srcset=\"https:\/\/villa-goga.hr\/wp-content\/uploads\/2020\/11\/DS-755x500.jpg 755w, https:\/\/villa-goga.hr\/wp-content\/uploads\/2020\/11\/DS-300x199.jpg 300w, https:\/\/villa-goga.hr\/wp-content\/uploads\/2020\/11\/DS-1024x678.jpg 1024w, https:\/\/villa-goga.hr\/wp-content\/uploads\/2020\/11\/DS-768x509.jpg 768w, https:\/\/villa-goga.hr\/wp-content\/uploads\/2020\/11\/DS-1536x1017.jpg 1536w, https:\/\/villa-goga.hr\/wp-content\/uploads\/2020\/11\/DS-2048x1356.jpg 2048w, https:\/\/villa-goga.hr\/wp-content\/uploads\/2020\/11\/DS-128x84.jpg 128w, https:\/\/villa-goga.hr\/wp-content\/uploads\/2020\/11\/DS-125x83.jpg 125w\" sizes=\"(max-width: 755px) 100vw, 755px\" \/><span class=\"fa fa-search\"><\/span>\r\n\t\t\t<\/a>\r\n\t\t<\/div>\r\n\t<\/div>\r\n\t\t<div class=\"col-lg-5ths col-md-5ths col-sm-5ths col-ms-4 col-xs-6\">\r\n\t\t<div class=\"item\">\r\n\t\t\t<a href=\"\/\/villa-goga.hr\/wp-content\/uploads\/2020\/11\/DSC_0371-scaled.jpg\" class=\"swipebox photo\">\r\n\t\t\t\t<img width=\"755\" height=\"500\" src=\"https:\/\/villa-goga.hr\/wp-content\/uploads\/2020\/11\/DSC_0371-755x500.jpg\" class=\"attachment-lamaro-gallery size-lamaro-gallery\" alt=\"\" loading=\"lazy\" srcset=\"https:\/\/villa-goga.hr\/wp-content\/uploads\/2020\/11\/DSC_0371-755x500.jpg 755w, https:\/\/villa-goga.hr\/wp-content\/uploads\/2020\/11\/DSC_0371-300x199.jpg 300w, https:\/\/villa-goga.hr\/wp-content\/uploads\/2020\/11\/DSC_0371-1024x678.jpg 1024w, https:\/\/villa-goga.hr\/wp-content\/uploads\/2020\/11\/DSC_0371-768x509.jpg 768w, https:\/\/villa-goga.hr\/wp-content\/uploads\/2020\/11\/DSC_0371-1536x1017.jpg 1536w, https:\/\/villa-goga.hr\/wp-content\/uploads\/2020\/11\/DSC_0371-2048x1356.jpg 2048w, https:\/\/villa-goga.hr\/wp-content\/uploads\/2020\/11\/DSC_0371-128x84.jpg 128w, https:\/\/villa-goga.hr\/wp-content\/uploads\/2020\/11\/DSC_0371-125x83.jpg 125w\" sizes=\"(max-width: 755px) 100vw, 755px\" \/><span class=\"fa fa-search\"><\/span>\r\n\t\t\t<\/a>\r\n\t\t<\/div>\r\n\t<\/div>\r\n\t\t<div class=\"col-lg-5ths col-md-5ths col-sm-5ths col-ms-4 col-xs-6\">\r\n\t\t<div class=\"item\">\r\n\t\t\t<a href=\"\/\/villa-goga.hr\/wp-content\/uploads\/2020\/11\/najbolja_edited-1-scaled.jpg\" class=\"swipebox photo\">\r\n\t\t\t\t<img width=\"755\" height=\"500\" src=\"https:\/\/villa-goga.hr\/wp-content\/uploads\/2020\/11\/najbolja_edited-1-755x500.jpg\" class=\"attachment-lamaro-gallery size-lamaro-gallery\" alt=\"\" loading=\"lazy\" srcset=\"https:\/\/villa-goga.hr\/wp-content\/uploads\/2020\/11\/najbolja_edited-1-755x500.jpg 755w, https:\/\/villa-goga.hr\/wp-content\/uploads\/2020\/11\/najbolja_edited-1-128x84.jpg 128w\" sizes=\"(max-width: 755px) 100vw, 755px\" \/><span class=\"fa fa-search\"><\/span>\r\n\t\t\t<\/a>\r\n\t\t<\/div>\r\n\t<\/div>\r\n\t\t<div class=\"col-lg-5ths col-md-5ths col-sm-5ths col-ms-4 col-xs-6\">\r\n\t\t<div class=\"item\">\r\n\t\t\t<a href=\"\/\/villa-goga.hr\/wp-content\/uploads\/2020\/11\/novo1new-scaled.jpg\" class=\"swipebox photo\">\r\n\t\t\t\t<img width=\"755\" height=\"500\" src=\"https:\/\/villa-goga.hr\/wp-content\/uploads\/2020\/11\/novo1new-755x500.jpg\" class=\"attachment-lamaro-gallery size-lamaro-gallery\" alt=\"\" loading=\"lazy\" srcset=\"https:\/\/villa-goga.hr\/wp-content\/uploads\/2020\/11\/novo1new-755x500.jpg 755w, https:\/\/villa-goga.hr\/wp-content\/uploads\/2020\/11\/novo1new-128x84.jpg 128w\" sizes=\"(max-width: 755px) 100vw, 755px\" \/><span class=\"fa fa-search\"><\/span>\r\n\t\t\t<\/a>\r\n\t\t<\/div>\r\n\t<\/div>\r\n\t\t<div class=\"col-lg-5ths col-md-5ths col-sm-5ths col-ms-4 col-xs-6\">\r\n\t\t<div class=\"item\">\r\n\t\t\t<a href=\"\/\/villa-goga.hr\/wp-content\/uploads\/2020\/11\/odlicno-scaled-e1610046535785.jpg\" class=\"swipebox photo\">\r\n\t\t\t\t<img width=\"755\" height=\"500\" src=\"https:\/\/villa-goga.hr\/wp-content\/uploads\/2020\/11\/odlicno-scaled-e1610046535785-755x500.jpg\" class=\"attachment-lamaro-gallery size-lamaro-gallery\" alt=\"\" loading=\"lazy\" srcset=\"https:\/\/villa-goga.hr\/wp-content\/uploads\/2020\/11\/odlicno-scaled-e1610046535785-755x500.jpg 755w, https:\/\/villa-goga.hr\/wp-content\/uploads\/2020\/11\/odlicno-scaled-e1610046535785-128x84.jpg 128w\" sizes=\"(max-width: 755px) 100vw, 755px\" \/><span class=\"fa fa-search\"><\/span>\r\n\t\t\t<\/a>\r\n\t\t<\/div>\r\n\t<\/div>\r\n\t\t<div class=\"col-lg-5ths col-md-5ths col-sm-5ths col-ms-4 col-xs-6\">\r\n\t\t<div class=\"item\">\r\n\t\t\t<a href=\"\/\/villa-goga.hr\/wp-content\/uploads\/2020\/11\/Plaza-Panorama111111-scaled.jpg\" class=\"swipebox photo\">\r\n\t\t\t\t<img width=\"755\" height=\"500\" src=\"https:\/\/villa-goga.hr\/wp-content\/uploads\/2020\/11\/Plaza-Panorama111111-755x500.jpg\" class=\"attachment-lamaro-gallery size-lamaro-gallery\" alt=\"\" loading=\"lazy\" srcset=\"https:\/\/villa-goga.hr\/wp-content\/uploads\/2020\/11\/Plaza-Panorama111111-755x500.jpg 755w, https:\/\/villa-goga.hr\/wp-content\/uploads\/2020\/11\/Plaza-Panorama111111-128x84.jpg 128w\" sizes=\"(max-width: 755px) 100vw, 755px\" \/><span class=\"fa fa-search\"><\/span>\r\n\t\t\t<\/a>\r\n\t\t<\/div>\r\n\t<\/div>\r\n\t\t<div class=\"col-lg-5ths col-md-5ths col-sm-5ths col-ms-4 col-xs-6\">\r\n\t\t<div class=\"item\">\r\n\t\t\t<a href=\"\/\/villa-goga.hr\/wp-content\/uploads\/2020\/11\/Plaza-scaled.jpg\" class=\"swipebox photo\">\r\n\t\t\t\t<img width=\"755\" height=\"500\" src=\"https:\/\/villa-goga.hr\/wp-content\/uploads\/2020\/11\/Plaza-755x500.jpg\" class=\"attachment-lamaro-gallery size-lamaro-gallery\" alt=\"\" loading=\"lazy\" srcset=\"https:\/\/villa-goga.hr\/wp-content\/uploads\/2020\/11\/Plaza-755x500.jpg 755w, https:\/\/villa-goga.hr\/wp-content\/uploads\/2020\/11\/Plaza-300x199.jpg 300w, https:\/\/villa-goga.hr\/wp-content\/uploads\/2020\/11\/Plaza-1024x678.jpg 1024w, https:\/\/villa-goga.hr\/wp-content\/uploads\/2020\/11\/Plaza-768x509.jpg 768w, https:\/\/villa-goga.hr\/wp-content\/uploads\/2020\/11\/Plaza-1536x1017.jpg 1536w, https:\/\/villa-goga.hr\/wp-content\/uploads\/2020\/11\/Plaza-2048x1356.jpg 2048w, https:\/\/villa-goga.hr\/wp-content\/uploads\/2020\/11\/Plaza-128x84.jpg 128w, https:\/\/villa-goga.hr\/wp-content\/uploads\/2020\/11\/Plaza-125x83.jpg 125w\" sizes=\"(max-width: 755px) 100vw, 755px\" \/><span class=\"fa fa-search\"><\/span>\r\n\t\t\t<\/a>\r\n\t\t<\/div>\r\n\t<\/div>\r\n\t\t<div class=\"col-lg-5ths col-md-5ths col-sm-5ths col-ms-4 col-xs-6\">\r\n\t\t<div class=\"item\">\r\n\t\t\t<a href=\"\/\/villa-goga.hr\/wp-content\/uploads\/2020\/11\/Plaza1-scaled.jpg\" class=\"swipebox photo\">\r\n\t\t\t\t<img width=\"755\" height=\"500\" src=\"https:\/\/villa-goga.hr\/wp-content\/uploads\/2020\/11\/Plaza1-755x500.jpg\" class=\"attachment-lamaro-gallery size-lamaro-gallery\" alt=\"\" loading=\"lazy\" srcset=\"https:\/\/villa-goga.hr\/wp-content\/uploads\/2020\/11\/Plaza1-755x500.jpg 755w, https:\/\/villa-goga.hr\/wp-content\/uploads\/2020\/11\/Plaza1-128x84.jpg 128w\" sizes=\"(max-width: 755px) 100vw, 755px\" \/><span class=\"fa fa-search\"><\/span>\r\n\t\t\t<\/a>\r\n\t\t<\/div>\r\n\t<\/div>\r\n\t\t<div class=\"col-lg-5ths col-md-5ths col-sm-5ths col-ms-4 col-xs-6\">\r\n\t\t<div class=\"item\">\r\n\t\t\t<a href=\"\/\/villa-goga.hr\/wp-content\/uploads\/2020\/11\/Plaza2-1-scaled.jpg\" class=\"swipebox photo\">\r\n\t\t\t\t<img width=\"755\" height=\"500\" src=\"https:\/\/villa-goga.hr\/wp-content\/uploads\/2020\/11\/Plaza2-1-755x500.jpg\" class=\"attachment-lamaro-gallery size-lamaro-gallery\" alt=\"\" loading=\"lazy\" srcset=\"https:\/\/villa-goga.hr\/wp-content\/uploads\/2020\/11\/Plaza2-1-755x500.jpg 755w, https:\/\/villa-goga.hr\/wp-content\/uploads\/2020\/11\/Plaza2-1-128x84.jpg 128w\" sizes=\"(max-width: 755px) 100vw, 755px\" \/><span class=\"fa fa-search\"><\/span>\r\n\t\t\t<\/a>\r\n\t\t<\/div>\r\n\t<\/div>\r\n\t\t<div class=\"col-lg-5ths col-md-5ths col-sm-5ths col-ms-4 col-xs-6\">\r\n\t\t<div class=\"item\">\r\n\t\t\t<a href=\"\/\/villa-goga.hr\/wp-content\/uploads\/2020\/11\/Plaza45-scaled.jpg\" class=\"swipebox photo\">\r\n\t\t\t\t<img width=\"755\" height=\"500\" src=\"https:\/\/villa-goga.hr\/wp-content\/uploads\/2020\/11\/Plaza45-755x500.jpg\" class=\"attachment-lamaro-gallery size-lamaro-gallery\" alt=\"\" loading=\"lazy\" srcset=\"https:\/\/villa-goga.hr\/wp-content\/uploads\/2020\/11\/Plaza45-755x500.jpg 755w, https:\/\/villa-goga.hr\/wp-content\/uploads\/2020\/11\/Plaza45-300x199.jpg 300w, https:\/\/villa-goga.hr\/wp-content\/uploads\/2020\/11\/Plaza45-1024x678.jpg 1024w, https:\/\/villa-goga.hr\/wp-content\/uploads\/2020\/11\/Plaza45-768x509.jpg 768w, https:\/\/villa-goga.hr\/wp-content\/uploads\/2020\/11\/Plaza45-1536x1017.jpg 1536w, https:\/\/villa-goga.hr\/wp-content\/uploads\/2020\/11\/Plaza45-2048x1356.jpg 2048w, https:\/\/villa-goga.hr\/wp-content\/uploads\/2020\/11\/Plaza45-128x84.jpg 128w, https:\/\/villa-goga.hr\/wp-content\/uploads\/2020\/11\/Plaza45-125x83.jpg 125w\" sizes=\"(max-width: 755px) 100vw, 755px\" \/><span class=\"fa fa-search\"><\/span>\r\n\t\t\t<\/a>\r\n\t\t<\/div>\r\n\t<\/div>\r\n\t\t<div class=\"col-lg-5ths col-md-5ths col-sm-5ths col-ms-4 col-xs-6\">\r\n\t\t<div class=\"item\">\r\n\t\t\t<a href=\"\/\/villa-goga.hr\/wp-content\/uploads\/2020\/11\/PlazaPanorama11-scaled.jpg\" class=\"swipebox photo\">\r\n\t\t\t\t<img width=\"755\" height=\"500\" src=\"https:\/\/villa-goga.hr\/wp-content\/uploads\/2020\/11\/PlazaPanorama11-755x500.jpg\" class=\"attachment-lamaro-gallery size-lamaro-gallery\" alt=\"\" loading=\"lazy\" srcset=\"https:\/\/villa-goga.hr\/wp-content\/uploads\/2020\/11\/PlazaPanorama11-755x500.jpg 755w, https:\/\/villa-goga.hr\/wp-content\/uploads\/2020\/11\/PlazaPanorama11-128x84.jpg 128w\" sizes=\"(max-width: 755px) 100vw, 755px\" \/><span class=\"fa fa-search\"><\/span>\r\n\t\t\t<\/a>\r\n\t\t<\/div>\r\n\t<\/div>\r\n\t\t<div class=\"col-lg-5ths col-md-5ths col-sm-5ths col-ms-4 col-xs-6\">\r\n\t\t<div class=\"item\">\r\n\t\t\t<a href=\"\/\/villa-goga.hr\/wp-content\/uploads\/2020\/11\/Pogled1-2-scaled.jpg\" class=\"swipebox photo\">\r\n\t\t\t\t<img width=\"755\" height=\"500\" src=\"https:\/\/villa-goga.hr\/wp-content\/uploads\/2020\/11\/Pogled1-2-755x500.jpg\" class=\"attachment-lamaro-gallery size-lamaro-gallery\" alt=\"\" loading=\"lazy\" srcset=\"https:\/\/villa-goga.hr\/wp-content\/uploads\/2020\/11\/Pogled1-2-755x500.jpg 755w, https:\/\/villa-goga.hr\/wp-content\/uploads\/2020\/11\/Pogled1-2-128x84.jpg 128w\" sizes=\"(max-width: 755px) 100vw, 755px\" \/><span class=\"fa fa-search\"><\/span>\r\n\t\t\t<\/a>\r\n\t\t<\/div>\r\n\t<\/div>\r\n\t\t<div class=\"col-lg-5ths col-md-5ths col-sm-5ths col-ms-4 col-xs-6\">\r\n\t\t<div class=\"item\">\r\n\t\t\t<a href=\"\/\/villa-goga.hr\/wp-content\/uploads\/2020\/11\/Pogled1-scaled.jpg\" class=\"swipebox photo\">\r\n\t\t\t\t<img width=\"755\" height=\"500\" src=\"https:\/\/villa-goga.hr\/wp-content\/uploads\/2020\/11\/Pogled1-755x500.jpg\" class=\"attachment-lamaro-gallery size-lamaro-gallery\" alt=\"\" loading=\"lazy\" srcset=\"https:\/\/villa-goga.hr\/wp-content\/uploads\/2020\/11\/Pogled1-755x500.jpg 755w, https:\/\/villa-goga.hr\/wp-content\/uploads\/2020\/11\/Pogled1-128x84.jpg 128w\" sizes=\"(max-width: 755px) 100vw, 755px\" \/><span class=\"fa fa-search\"><\/span>\r\n\t\t\t<\/a>\r\n\t\t<\/div>\r\n\t<\/div>\r\n\t\t<div class=\"col-lg-5ths col-md-5ths col-sm-5ths col-ms-4 col-xs-6\">\r\n\t\t<div class=\"item\">\r\n\t\t\t<a href=\"\/\/villa-goga.hr\/wp-content\/uploads\/2020\/11\/Put-scaled.jpg\" class=\"swipebox photo\">\r\n\t\t\t\t<img width=\"755\" height=\"500\" src=\"https:\/\/villa-goga.hr\/wp-content\/uploads\/2020\/11\/Put-755x500.jpg\" class=\"attachment-lamaro-gallery size-lamaro-gallery\" alt=\"\" loading=\"lazy\" srcset=\"https:\/\/villa-goga.hr\/wp-content\/uploads\/2020\/11\/Put-755x500.jpg 755w, https:\/\/villa-goga.hr\/wp-content\/uploads\/2020\/11\/Put-128x84.jpg 128w\" sizes=\"(max-width: 755px) 100vw, 755px\" \/><span class=\"fa fa-search\"><\/span>\r\n\t\t\t<\/a>\r\n\t\t<\/div>\r\n\t<\/div>\r\n\t\t<div class=\"col-lg-5ths col-md-5ths col-sm-5ths col-ms-4 col-xs-6\">\r\n\t\t<div class=\"item\">\r\n\t\t\t<a href=\"\/\/villa-goga.hr\/wp-content\/uploads\/2020\/11\/Untitled_Panoramawwewdw111-scaled.jpg\" class=\"swipebox photo\">\r\n\t\t\t\t<img width=\"755\" height=\"500\" src=\"https:\/\/villa-goga.hr\/wp-content\/uploads\/2020\/11\/Untitled_Panoramawwewdw111-755x500.jpg\" class=\"attachment-lamaro-gallery size-lamaro-gallery\" alt=\"\" loading=\"lazy\" srcset=\"https:\/\/villa-goga.hr\/wp-content\/uploads\/2020\/11\/Untitled_Panoramawwewdw111-755x500.jpg 755w, https:\/\/villa-goga.hr\/wp-content\/uploads\/2020\/11\/Untitled_Panoramawwewdw111-128x84.jpg 128w\" sizes=\"(max-width: 755px) 100vw, 755px\" \/><span class=\"fa fa-search\"><\/span>\r\n\t\t\t<\/a>\r\n\t\t<\/div>\r\n\t<\/div>\r\n\t\t<div class=\"col-lg-5ths col-md-5ths col-sm-5ths col-ms-4 col-xs-6\">\r\n\t\t<div class=\"item\">\r\n\t\t\t<a href=\"\/\/villa-goga.hr\/wp-content\/uploads\/2020\/11\/Villa_Goga_12621Miholascica_1.jpg\" class=\"swipebox photo\">\r\n\t\t\t\t<img width=\"600\" height=\"386\" src=\"https:\/\/villa-goga.hr\/wp-content\/uploads\/2020\/11\/Villa_Goga_12621Miholascica_1.jpg\" class=\"attachment-lamaro-gallery size-lamaro-gallery\" alt=\"\" loading=\"lazy\" srcset=\"https:\/\/villa-goga.hr\/wp-content\/uploads\/2020\/11\/Villa_Goga_12621Miholascica_1.jpg 600w, https:\/\/villa-goga.hr\/wp-content\/uploads\/2020\/11\/Villa_Goga_12621Miholascica_1-300x193.jpg 300w, https:\/\/villa-goga.hr\/wp-content\/uploads\/2020\/11\/Villa_Goga_12621Miholascica_1-470x302.jpg 470w, https:\/\/villa-goga.hr\/wp-content\/uploads\/2020\/11\/Villa_Goga_12621Miholascica_1-125x80.jpg 125w\" sizes=\"(max-width: 600px) 100vw, 600px\" \/><span class=\"fa fa-search\"><\/span>\r\n\t\t\t<\/a>\r\n\t\t<\/div>\r\n\t<\/div>\r\n\t\t<div class=\"col-lg-5ths col-md-5ths col-sm-5ths col-ms-4 col-xs-6\">\r\n\t\t<div class=\"item\">\r\n\t\t\t<a href=\"\/\/villa-goga.hr\/wp-content\/uploads\/2020\/11\/sunce1-scaled.jpg\" class=\"swipebox photo\">\r\n\t\t\t\t<img width=\"755\" height=\"500\" src=\"https:\/\/villa-goga.hr\/wp-content\/uploads\/2020\/11\/sunce1-755x500.jpg\" class=\"attachment-lamaro-gallery size-lamaro-gallery\" alt=\"\" loading=\"lazy\" srcset=\"https:\/\/villa-goga.hr\/wp-content\/uploads\/2020\/11\/sunce1-755x500.jpg 755w, https:\/\/villa-goga.hr\/wp-content\/uploads\/2020\/11\/sunce1-300x199.jpg 300w, https:\/\/villa-goga.hr\/wp-content\/uploads\/2020\/11\/sunce1-1024x678.jpg 1024w, https:\/\/villa-goga.hr\/wp-content\/uploads\/2020\/11\/sunce1-768x509.jpg 768w, https:\/\/villa-goga.hr\/wp-content\/uploads\/2020\/11\/sunce1-1536x1017.jpg 1536w, https:\/\/villa-goga.hr\/wp-content\/uploads\/2020\/11\/sunce1-2048x1356.jpg 2048w, https:\/\/villa-goga.hr\/wp-content\/uploads\/2020\/11\/sunce1-128x84.jpg 128w, https:\/\/villa-goga.hr\/wp-content\/uploads\/2020\/11\/sunce1-125x83.jpg 125w\" sizes=\"(max-width: 755px) 100vw, 755px\" \/><span class=\"fa fa-search\"><\/span>\r\n\t\t\t<\/a>\r\n\t\t<\/div>\r\n\t<\/div>\r\n\t\t<div class=\"col-lg-5ths col-md-5ths col-sm-5ths col-ms-4 col-xs-6\">\r\n\t\t<div class=\"item\">\r\n\t\t\t<a href=\"\/\/villa-goga.hr\/wp-content\/uploads\/2020\/11\/Sunce0-scaled.jpg\" class=\"swipebox photo\">\r\n\t\t\t\t<img width=\"755\" height=\"500\" src=\"https:\/\/villa-goga.hr\/wp-content\/uploads\/2020\/11\/Sunce0-755x500.jpg\" class=\"attachment-lamaro-gallery size-lamaro-gallery\" alt=\"\" loading=\"lazy\" srcset=\"https:\/\/villa-goga.hr\/wp-content\/uploads\/2020\/11\/Sunce0-755x500.jpg 755w, https:\/\/villa-goga.hr\/wp-content\/uploads\/2020\/11\/Sunce0-300x199.jpg 300w, https:\/\/villa-goga.hr\/wp-content\/uploads\/2020\/11\/Sunce0-1024x678.jpg 1024w, https:\/\/villa-goga.hr\/wp-content\/uploads\/2020\/11\/Sunce0-768x509.jpg 768w, https:\/\/villa-goga.hr\/wp-content\/uploads\/2020\/11\/Sunce0-1536x1017.jpg 1536w, https:\/\/villa-goga.hr\/wp-content\/uploads\/2020\/11\/Sunce0-2048x1356.jpg 2048w, https:\/\/villa-goga.hr\/wp-content\/uploads\/2020\/11\/Sunce0-128x84.jpg 128w, https:\/\/villa-goga.hr\/wp-content\/uploads\/2020\/11\/Sunce0-125x83.jpg 125w\" sizes=\"(max-width: 755px) 100vw, 755px\" \/><span class=\"fa fa-search\"><\/span>\r\n\t\t\t<\/a>\r\n\t\t<\/div>\r\n\t<\/div>\r\n\t\t<div class=\"col-lg-5ths col-md-5ths col-sm-5ths col-ms-4 col-xs-6\">\r\n\t\t<div class=\"item\">\r\n\t\t\t<a href=\"\/\/villa-goga.hr\/wp-content\/uploads\/2020\/11\/Panoramaadrw11111-scaled.jpg\" class=\"swipebox photo\">\r\n\t\t\t\t<img width=\"755\" height=\"500\" src=\"https:\/\/villa-goga.hr\/wp-content\/uploads\/2020\/11\/Panoramaadrw11111-755x500.jpg\" class=\"attachment-lamaro-gallery size-lamaro-gallery\" alt=\"\" loading=\"lazy\" srcset=\"https:\/\/villa-goga.hr\/wp-content\/uploads\/2020\/11\/Panoramaadrw11111-755x500.jpg 755w, https:\/\/villa-goga.hr\/wp-content\/uploads\/2020\/11\/Panoramaadrw11111-128x84.jpg 128w\" sizes=\"(max-width: 755px) 100vw, 755px\" \/><span class=\"fa fa-search\"><\/span>\r\n\t\t\t<\/a>\r\n\t\t<\/div>\r\n\t<\/div>\r\n\t\t<div class=\"col-lg-5ths col-md-5ths col-sm-5ths col-ms-4 col-xs-6\">\r\n\t\t<div class=\"item\">\r\n\t\t\t<a href=\"\/\/villa-goga.hr\/wp-content\/uploads\/2020\/11\/novo11new-scaled.jpg\" class=\"swipebox photo\">\r\n\t\t\t\t<img width=\"755\" height=\"500\" src=\"https:\/\/villa-goga.hr\/wp-content\/uploads\/2020\/11\/novo11new-755x500.jpg\" class=\"attachment-lamaro-gallery size-lamaro-gallery\" alt=\"\" loading=\"lazy\" srcset=\"https:\/\/villa-goga.hr\/wp-content\/uploads\/2020\/11\/novo11new-755x500.jpg 755w, https:\/\/villa-goga.hr\/wp-content\/uploads\/2020\/11\/novo11new-128x84.jpg 128w\" sizes=\"(max-width: 755px) 100vw, 755px\" \/><span class=\"fa fa-search\"><\/span>\r\n\t\t\t<\/a>\r\n\t\t<\/div>\r\n\t<\/div>\r\n\t\r\n<\/div><\/div><\/div>[\/vc_column][\/vc_row]<\/p>\n","protected":false},"excerpt":{"rendered":"<p>[vc_row][vc_column][vc_column_text]Der Ort Miholascica stammt noch aus der Zeit der R\u00f6mer. Es liegt auf dem zug\u00e4nglichsten Teil der K\u00fcste von Cres, an der ger\u00e4umigen Bucht entlang, die sich zum S\u00fcdwesten \u00f6ffnet. Der sehr sch\u00f6n eingerichtete Ort Miholascica und der Nachbarort Martinscica mit vielen mediterranen Pflanzen sind auf Familien- und Campingtourismus orientiert. Heute ist Miholascica ein Touristenort mit Blick auf Zeca, in dem Sie den t\u00e4glichen Rummel vermeiden und einen ruhigen Urlaub genie\u00dfen k\u00f6nnen.[\/vc_column_text][\/vc_column][\/vc_row][vc_row][vc_column][\/vc_column][\/vc_row]<\/p>\n","protected":false},"author":1,"featured_media":1019,"parent":0,"menu_order":0,"comment_status":"closed","ping_status":"closed","template":"page-templates\/full-width.php","meta":[],"_links":{"self":[{"href":"https:\/\/villa-goga.hr\/de\/wp-json\/wp\/v2\/pages\/695"}],"collection":[{"href":"https:\/\/villa-goga.hr\/de\/wp-json\/wp\/v2\/pages"}],"about":[{"href":"https:\/\/villa-goga.hr\/de\/wp-json\/wp\/v2\/types\/page"}],"author":[{"embeddable":true,"href":"https:\/\/villa-goga.hr\/de\/wp-json\/wp\/v2\/users\/1"}],"replies":[{"embeddable":true,"href":"https:\/\/villa-goga.hr\/de\/wp-json\/wp\/v2\/comments?post=695"}],"version-history":[{"count":1,"href":"https:\/\/villa-goga.hr\/de\/wp-json\/wp\/v2\/pages\/695\/revisions"}],"predecessor-version":[{"id":697,"href":"https:\/\/villa-goga.hr\/de\/wp-json\/wp\/v2\/pages\/695\/revisions\/697"}],"wp:featuredmedia":[{"embeddable":true,"href":"https:\/\/villa-goga.hr\/de\/wp-json\/wp\/v2\/media\/1019"}],"wp:attachment":[{"href":"https:\/\/villa-goga.hr\/de\/wp-json\/wp\/v2\/media?parent=695"}],"curies":[{"name":"wp","href":"https:\/\/api.w.org\/{rel}","templated":true}]}}