{"id":701,"date":"2020-11-17T20:25:57","date_gmt":"2020-11-17T20:25:57","guid":{"rendered":"https:\/\/villa-goga.hr\/island-cres\/"},"modified":"2020-12-15T22:13:31","modified_gmt":"2020-12-15T22:13:31","slug":"otok-cres","status":"publish","type":"page","link":"https:\/\/villa-goga.hr\/hr\/otok-cres\/","title":{"rendered":"Otok Cres"},"content":{"rendered":"<p>[vc_row][vc_column width=&#8221;2\/3&#8243;][vc_column_text]Otok Cres, najve\u0107i jadranski otok, nalazi se na sjevernom dijelu Kvarnerskog zaljeva. Na jugu, u Osoru, povezan je pokretnim mostom s otokom Lo\u0161injem. Cres je brdovit otok dug 66 km i \u0161irok od 2 do 12 km. Obala otoka je razvedena i duga oko 248 km i obiluje mnogim uvalama i \u0161ljunkovitim pla\u017eama na svom zapadnom i ju\u017enom dijelu, dok su sjeverni i istocni dio ovjencani strmim i surovim stijenama. Najvi\u0161i vrhovi otoka Gorice (648m) i Sis (638m) nude jedinstve pogled na cijeli Kvarnerski zaljev pri kojem nitko ne ostaje ravnodu\u0161an.[\/vc_column_text][\/vc_column][vc_column width=&#8221;1\/3&#8243;][vc_single_image image=&#8221;328&#8243; img_size=&#8221;medium&#8221; onclick=&#8221;link_image&#8221; css_animation=&#8221;fadeInUp&#8221;][\/vc_column][\/vc_row][vc_row][vc_column][vc_column_text]Veliko bogatsvo biljnog (oko 1300 vrsta) i \u017eivotinjskog svijeta, s izuzetnim brojem edemickih vrsta predstavlja pravi izazov za zaljubljenike u prirodu. Na Cresu je takoder jedno od posljednjih stani\u0161ta vrlo rijetke ptice &#8211; bjeloglavog supa.[\/vc_column_text][\/vc_column][\/vc_row][vc_row][vc_column width=&#8221;1\/4&#8243;][vc_single_image image=&#8221;326&#8243; img_size=&#8221;medium&#8221; onclick=&#8221;link_image&#8221; css_animation=&#8221;fadeIn&#8221;][\/vc_column][vc_column width=&#8221;3\/4&#8243;][vc_column_text]Kao posebnu zanimljivost treba istaci prirodnu neobicnu pojavu slatkovodnog jezera Vrana, povr\u0161ine 5,75 cetvornih kilometara. Razina slatkovodnog jezera je iznad razine okolnog mora, a njegovo dno ispod morske razine na dubini od 74m. Cres karakteriziraju veliki kontrasti izmedu sjevernog submediteranskog dijela s visokim i gustim \u0161umama hrasta medunca, graba, brijesta i kestena i srednjeg i ju\u017enog mediteranskog dijela koji obiluje pa\u0161njackim goletima i gustom makijom.[\/vc_column_text][\/vc_column][\/vc_row][vc_row][vc_column][vc_column_text]Otok Cres bio je naseljen vec u mlade kameno doba. Kontinuitet \u017eivota na otoku predstavlja nam izuzetno bogato povijesno i kulturno naslijede: od niza liburnijskih gradina, ostataka antickih gradova, ranokatolickih crkvica razasutih po otoku, samostana i ostataka gradskih ba\u0161tina venecijanskog razdoblja do spomenika dana\u0161njice.<\/p>\n<p>Otok \u017eivi nekada\u0161njim ritmom uzimaju\u0107i od civilizacije sve \u0161to je potrebno da bi lak\u0161e \u017eivjelo. Otok Cres svoju sada\u0161njost i budu\u0107nost gradi, najve\u0107im dijelom na turizmu i zato je tu svaki gost stvarno Gost.[\/vc_column_text][\/vc_column][\/vc_row][vc_row][vc_column width=&#8221;2\/3&#8243;][vc_column_text]Ovo je Va\u0161 otok i Va\u0161 svjetionik, prilika da spoznate sebe i da do\u017eivite iskonsku prirodu. Odredi\u0161te na koje \u0107ete se radosno vra\u0107ati i gdje \u0107e Vas radosno do\u010dekivati. \u0160to god o\u010dekivali od Va\u0161eg odmora, otok Cres pravi je izazov. Pru\u017eit \u0107e Vam nazaboravne trenutke predaha bez obzira da li ste strastveni sporta\u0161, istra\u017eiva\u010d morskih dubina, zaljubljenik u prirodu ili pak neumorni traga\u010d za povijesnim i kulturnim vrijednostima, volite li samotne pla\u017ee, duge \u0161etnje uz more ili \u017eivost mediteranskih gradi\u0107a&#8230;. ovdje \u0107ete svakako na\u0107i sretnu luku.[\/vc_column_text][\/vc_column][vc_column width=&#8221;1\/3&#8243;][vc_single_image image=&#8221;327&#8243; img_size=&#8221;medium&#8221; onclick=&#8221;link_image&#8221; css_animation=&#8221;fadeInLeft&#8221;][\/vc_column][\/vc_row]<\/p>\n","protected":false},"excerpt":{"rendered":"<p>[vc_row][vc_column width=&#8221;2\/3&#8243;][vc_column_text]Otok Cres, najve\u0107i jadranski otok, nalazi se na sjevernom dijelu Kvarnerskog zaljeva. Na jugu, u Osoru, povezan je pokretnim mostom s otokom Lo\u0161injem. Cres je brdovit otok dug 66 km i \u0161irok od 2 do 12 km. Obala otoka je razvedena i duga oko 248 km i obiluje mnogim uvalama i \u0161ljunkovitim pla\u017eama na svom zapadnom i ju\u017enom dijelu, dok su sjeverni i istocni dio ovjencani strmim i surovim stijenama. Najvi\u0161i vrhovi otoka Gorice (648m) i Sis (638m) nude jedinstve pogled na cijeli Kvarnerski zaljev pri kojem nitko ne ostaje ravnodu\u0161an.[\/vc_column_text][\/vc_column][vc_column width=&#8221;1\/3&#8243;][vc_single_image image=&#8221;328&#8243; img_size=&#8221;medium&#8221; onclick=&#8221;link_image&#8221; css_animation=&#8221;fadeInUp&#8221;][\/vc_column][\/vc_row][vc_row][vc_column][vc_column_text]Veliko bogatsvo biljnog (oko 1300 vrsta) i \u017eivotinjskog svijeta, s izuzetnim brojem edemickih vrsta predstavlja pravi izazov za zaljubljenike u prirodu. Na Cresu je takoder jedno od posljednjih stani\u0161ta vrlo rijetke ptice &#8211; bjeloglavog supa.[\/vc_column_text][\/vc_column][\/vc_row][vc_row][vc_column width=&#8221;1\/4&#8243;][vc_single_image image=&#8221;326&#8243; img_size=&#8221;medium&#8221; onclick=&#8221;link_image&#8221; css_animation=&#8221;fadeIn&#8221;][\/vc_column][vc_column width=&#8221;3\/4&#8243;][vc_column_text]Kao posebnu zanimljivost treba istaci prirodnu neobicnu pojavu slatkovodnog jezera Vrana, povr\u0161ine 5,75 cetvornih [&hellip;]<\/p>\n","protected":false},"author":1,"featured_media":703,"parent":0,"menu_order":0,"comment_status":"closed","ping_status":"closed","template":"page-templates\/full-width.php","meta":[],"_links":{"self":[{"href":"https:\/\/villa-goga.hr\/hr\/wp-json\/wp\/v2\/pages\/701"}],"collection":[{"href":"https:\/\/villa-goga.hr\/hr\/wp-json\/wp\/v2\/pages"}],"about":[{"href":"https:\/\/villa-goga.hr\/hr\/wp-json\/wp\/v2\/types\/page"}],"author":[{"embeddable":true,"href":"https:\/\/villa-goga.hr\/hr\/wp-json\/wp\/v2\/users\/1"}],"replies":[{"embeddable":true,"href":"https:\/\/villa-goga.hr\/hr\/wp-json\/wp\/v2\/comments?post=701"}],"version-history":[{"count":2,"href":"https:\/\/villa-goga.hr\/hr\/wp-json\/wp\/v2\/pages\/701\/revisions"}],"predecessor-version":[{"id":705,"href":"https:\/\/villa-goga.hr\/hr\/wp-json\/wp\/v2\/pages\/701\/revisions\/705"}],"wp:featuredmedia":[{"embeddable":true,"href":"https:\/\/villa-goga.hr\/hr\/wp-json\/wp\/v2\/media\/703"}],"wp:attachment":[{"href":"https:\/\/villa-goga.hr\/hr\/wp-json\/wp\/v2\/media?parent=701"}],"curies":[{"name":"wp","href":"https:\/\/api.w.org\/{rel}","templated":true}]}}